{"id":384,"date":"2023-11-14T13:17:26","date_gmt":"2023-11-14T13:17:26","guid":{"rendered":"https:\/\/latterialacollina.com\/?page_id=384"},"modified":"2024-01-15T08:39:34","modified_gmt":"2024-01-15T08:39:34","slug":"termini-e-condizioni","status":"publish","type":"page","link":"https:\/\/latterialacollina.com\/en\/termini-e-condizioni\/","title":{"rendered":"Termini e condizioni di vendita"},"content":{"rendered":"<h1 id=\"termini-e-condizioni-di-vendita\">Termini e condizioni di vendita<\/h1>\n<p>Il conferimento dell\u2019ordine comporta l\u2019accettazione integrale delle presenti condizioni generali di vendita.<\/p>\n<h2 id=\"titolare\">Titolare<\/h2>\n<ul>\n<li>Latteria Sociale Collina Soc. Cooperativa Agricola<\/li>\n<li>Via Gen.\u00a0Reverberi 3\/B<\/li>\n<li>42010 Massa di Toano (RE), Italy<\/li>\n<li>P.IVA Partita Iva: 00142190354<\/li>\n<li>Tel e Fax (+39) 0522 805522<\/li>\n<li>Email: info@latterialacollina.com<\/li>\n<\/ul>\n<p>Latteria Sociale Collina invier\u00e0, dopo la conclusione dell\u2019ordine, una e-mail di conferma dell\u2019avvenuta ricezione dell\u2019ordine. L\u2019utente \u00e8 invitato a salvare o stampare l\u2019e-mail ed a conservarla. Nel caso non la ricevesse, il consumatore \u00e8 invitato a prendere contatto con il nostro servizio clienti.<\/p>\n<h2 id=\"errore-compilazione-dati\">Errore compilazione dati<\/h2>\n<p>Nel caso i dati dell\u2019utente risultassero incompleti (in modo da rendere impossibile la consegna del pacco), Latteria Sociale Collina prender\u00e0 contatto con l\u2019utente prima di evadere l\u2019ordine.<\/p>\n<p>Nel caso i dati dell\u2019utente risultassero inesatti, il cliente dovr\u00e0 sostenere i costi aggiuntivi che il corriere addebiter\u00e0.<\/p>\n<h2 id=\"prezzo-prodotti\">Prezzo prodotti<\/h2>\n<p>Salvo ove diversamente indicato, i prezzi dei prodotti devono intendersi comprensivi di IVA. I prezzi dei Prodotti pubblicati sul sito annullano e sostituiscono i precedenti e sono subordinati alla effettiva disponibilit\u00e0 dei prodotti.<\/p>\n<p>Latteria Sociale Collina si riserva il diritto di confermare ovvero di modificare i prezzi dei Prodotti pubblicati nel proprio sito internet o in opuscoli informativi e materiale pubblicitario, al momento della conferma dell\u2019ordine del Cliente.<\/p>\n<h2 id=\"merce-non-disponibile\">Merce non disponibile<\/h2>\n<p>In caso di eventuale impossibilit\u00e0, anche temporanea, di evadere l\u2019ordine in modo parziale o totale, Latteria Sociale Collina contatter\u00e0 tempestivamente l\u2019utente per prendere accordi.<\/p>\n<p>L\u2019utente potr\u00e0 chiedere l\u2019annullamento, anche parziale, dell\u2019ordine e la restituzione del corrispondente importo eventualmente gi\u00e0 pagato.<\/p>\n<h2 id=\"anomalia-nel-prodotto\">Anomalia nel prodotto<\/h2>\n<p>In caso si dovesse verificare un\u2019anomalia nel prodotto acquistato presso il sito latterialacollina.com, l\u2019utente \u00e8 tenuto a contattare il nostro servizio clienti e se necessario a inviare a proprie spese il prodotto al seguente indirizzo: Latteria Sociale Collina, Via Gen.\u00a0Reverberi 3\/B, 42010 Massa di Toano (RE), Italy. Un esperto verr\u00e0 incaricato di verificare il prodotto e nel caso dovesse riscontrare l\u2019anomalia manifestata dall\u2019utente, provvederemo al rimborso del costo della spedizione e del prodotto acquistato.<\/p>\n<h2 id=\"riferimenti-legislativi\">Riferimenti legislativi<\/h2>\n<p>Il contratto di vendita tra il Cliente e Latteria Sociale Collina si intende concluso in Italia e regolato dalla Legge Italiana (D. lgs 206\/2005). Per la soluzione di controversie civili e penali derivanti dalla conclusione del presente contratto di vendita a distanza, se il Cliente \u00e8 un consumatore, la competenza territoriale \u00e8 quella del foro di riferimento del suo comune di residenza; in tutti gli altri casi, la competenza territoriale \u00e8 esclusivamente quella del Foro di Reggio Emilia.<\/p>\n","protected":false},"excerpt":{"rendered":"<p>Termini e condizioni di vendita Il conferimento dell\u2019ordine comporta l\u2019accettazione integrale delle presenti condizioni generali di vendita. Titolare Latteria Sociale Collina Soc. Cooperativa Agricola Via Gen.\u00a0Reverberi 3\/B 42010 Massa di Toano (RE), Italy P.IVA Partita Iva: 00142190354 Tel e Fax (+39) 0522 805522 Email: info@latterialacollina.com Latteria Sociale Collina invier\u00e0, dopo la conclusione dell\u2019ordine, una e-mail [&hellip;]<\/p>\n","protected":false},"author":2,"featured_media":0,"parent":0,"menu_order":0,"comment_status":"closed","ping_status":"closed","template":"page-privacy.php","meta":{"footnotes":""},"class_list":["post-384","page","type-page","status-publish","hentry"],"translation":{"provider":"WPGlobus","version":"2.6.8","language":"en","enabled_languages":["it","en"],"languages":{"it":{"title":true,"content":true,"excerpt":false},"en":{"title":true,"content":true,"excerpt":false}}},"acf":[],"_links":{"self":[{"href":"https:\/\/latterialacollina.com\/en\/wp-json\/wp\/v2\/pages\/384","targetHints":{"allow":["GET"]}}],"collection":[{"href":"https:\/\/latterialacollina.com\/en\/wp-json\/wp\/v2\/pages"}],"about":[{"href":"https:\/\/latterialacollina.com\/en\/wp-json\/wp\/v2\/types\/page"}],"author":[{"embeddable":true,"href":"https:\/\/latterialacollina.com\/en\/wp-json\/wp\/v2\/users\/2"}],"replies":[{"embeddable":true,"href":"https:\/\/latterialacollina.com\/en\/wp-json\/wp\/v2\/comments?post=384"}],"version-history":[{"count":3,"href":"https:\/\/latterialacollina.com\/en\/wp-json\/wp\/v2\/pages\/384\/revisions"}],"predecessor-version":[{"id":471,"href":"https:\/\/latterialacollina.com\/en\/wp-json\/wp\/v2\/pages\/384\/revisions\/471"}],"wp:attachment":[{"href":"https:\/\/latterialacollina.com\/en\/wp-json\/wp\/v2\/media?parent=384"}],"curies":[{"name":"wp","href":"https:\/\/api.w.org\/{rel}","templated":true}]}}